{"id":72,"date":"2015-04-07T13:11:51","date_gmt":"2015-04-07T13:11:51","guid":{"rendered":"http:\/\/www.ambulartoorium.ee\/?page_id=72"},"modified":"2016-02-29T10:14:52","modified_gmt":"2016-02-29T08:14:52","slug":"kuidas-tulla","status":"publish","type":"page","link":"https:\/\/www.ambulartoorium.ee\/?page_id=72","title":{"rendered":"Kuidas tulla"},"content":{"rendered":"<p class=\"HTMLPreformatted\"><span lang=\"EN-US\" style=\"font-size: 12.0pt;\">Esiteks tuleks silmas pidada, et Peipsi \u00e4\u00e4res on tervelt 2 Kasep\u00e4\u00e4d.<br \/>\n<strong>ambulARToorium<\/strong> asub Tartumaa Kasep\u00e4\u00e4l ehk siis selliste k\u00fclakeste nagu Kolkja ja Varnja vahel Peipsi\u00e4\u00e4re vallas (Tartust 45 km l\u00e4bi Vara ja Koosa s\u00f5ites; Rakvere poolt tulles Kallastest m\u00f6\u00f6da kuni Alatskivini ja sealt Kolkja peale). Regio atlas on v\u00e4ga hea abimees.<br \/>\nKunstimaja leiab \u00fcles, kui kulgeda piki j\u00e4rve-\u00e4\u00e4rset t\u00e4navat, mille \u00e4\u00e4res on ka suunaviidad &#8211; \u00fchele peale kirjutatud <i>ambulARToorium art gallery<\/i> ja teine on pruun silt, mis t\u00e4histab Kasep\u00e4\u00e4 vanausuliste kirikut.\u00a0<\/span><\/p>\n<p>Tere tulemast!<\/p>\n<p><iframe loading=\"lazy\" style=\"border: 0;\" src=\"https:\/\/www.google.com\/maps\/embed?pb=!1m16!1m12!1m3!1d2082.8855943585104!2d27.231527999999994!3d58.530122!2m3!1f0!2f0!3f0!3m2!1i1024!2i768!4f13.1!2m1!1sKasep%C3%A4%C3%A4+ambulartoorium!5e0!3m2!1set!2see!4v1428412042327\" width=\"600\" height=\"450\" frameborder=\"0\"><\/iframe><\/p>\n","protected":false},"excerpt":{"rendered":"<p>Esiteks tuleks silmas pidada, et Peipsi \u00e4\u00e4res on tervelt 2 Kasep\u00e4\u00e4d. ambulARToorium asub Tartumaa Kasep\u00e4\u00e4l ehk siis selliste k\u00fclakeste nagu Kolkja ja Varnja vahel Peipsi\u00e4\u00e4re vallas (Tartust 45 km l\u00e4bi Vara ja Koosa s\u00f5ites; Rakvere poolt tulles Kallastest m\u00f6\u00f6da kuni Alatskivini ja sealt Kolkja peale). Regio atlas on v\u00e4ga hea abimees. Kunstimaja leiab \u00fcles, kui<\/p>\n<p><a class=\"button\" href=\"https:\/\/www.ambulartoorium.ee\/?page_id=72\" title=\"More\">  Read More \u2192<\/a><\/p>\n","protected":false},"author":1,"featured_media":0,"parent":19,"menu_order":0,"comment_status":"closed","ping_status":"open","template":"","meta":{"footnotes":""},"_links":{"self":[{"href":"https:\/\/www.ambulartoorium.ee\/index.php?rest_route=\/wp\/v2\/pages\/72"}],"collection":[{"href":"https:\/\/www.ambulartoorium.ee\/index.php?rest_route=\/wp\/v2\/pages"}],"about":[{"href":"https:\/\/www.ambulartoorium.ee\/index.php?rest_route=\/wp\/v2\/types\/page"}],"author":[{"embeddable":true,"href":"https:\/\/www.ambulartoorium.ee\/index.php?rest_route=\/wp\/v2\/users\/1"}],"replies":[{"embeddable":true,"href":"https:\/\/www.ambulartoorium.ee\/index.php?rest_route=%2Fwp%2Fv2%2Fcomments&post=72"}],"version-history":[{"count":5,"href":"https:\/\/www.ambulartoorium.ee\/index.php?rest_route=\/wp\/v2\/pages\/72\/revisions"}],"predecessor-version":[{"id":882,"href":"https:\/\/www.ambulartoorium.ee\/index.php?rest_route=\/wp\/v2\/pages\/72\/revisions\/882"}],"up":[{"embeddable":true,"href":"https:\/\/www.ambulartoorium.ee\/index.php?rest_route=\/wp\/v2\/pages\/19"}],"wp:attachment":[{"href":"https:\/\/www.ambulartoorium.ee\/index.php?rest_route=%2Fwp%2Fv2%2Fmedia&parent=72"}],"curies":[{"name":"wp","href":"https:\/\/api.w.org\/{rel}","templated":true}]}}