{"id":76,"date":"2015-04-07T13:16:27","date_gmt":"2015-04-07T13:16:27","guid":{"rendered":"http:\/\/www.ambulartoorium.ee\/?page_id=76"},"modified":"2021-10-14T13:21:14","modified_gmt":"2021-10-14T11:21:14","slug":"hetkel","status":"publish","type":"page","link":"https:\/\/www.ambulartoorium.ee\/?page_id=76","title":{"rendered":"Hetkel"},"content":{"rendered":"<p><strong>Sirli Raitma <\/strong>foton\u00e4itus &#8220;<strong>Eha<\/strong>&#8221; koost\u00f6\u00f6s Fotomuuseumiga.\u00a0<\/p>\n<p><blockquote class=\"wp-embedded-content\" data-secret=\"qT4pPUt7dZ\"><a href=\"https:\/\/linnamuuseum.ee\/cat-fotomuuseum\/fotomuuseumi-kureeritud-sirli-raitma-naitus-eha-asus-eesti-tuurile-peipsi-aarne-kunstimaja-ambulartoorium\/\">Fotomuuseumi kureeritud Sirli Raitma n\u00e4itus EHA alustas Eesti tuuri: Peipsi-\u00e4\u00e4rne kunstimaja ambulARToorium<\/a><\/blockquote><iframe class=\"wp-embedded-content\" sandbox=\"allow-scripts\" security=\"restricted\" style=\"position: absolute; clip: rect(1px, 1px, 1px, 1px);\" title=\"&#8220;Fotomuuseumi kureeritud &lt;b&gt;Sirli Raitma n\u00e4itus EHA alustas Eesti tuuri:&lt;\/b&gt; Peipsi-\u00e4\u00e4rne kunstimaja ambulARToorium&#8221; &#8212; Tallinna Linnamuuseum\" src=\"https:\/\/linnamuuseum.ee\/cat-fotomuuseum\/fotomuuseumi-kureeritud-sirli-raitma-naitus-eha-asus-eesti-tuurile-peipsi-aarne-kunstimaja-ambulartoorium\/embed\/#?secret=AgqLEn7w4j#?secret=qT4pPUt7dZ\" data-secret=\"qT4pPUt7dZ\" width=\"500\" height=\"282\" frameborder=\"0\" marginwidth=\"0\" marginheight=\"0\" scrolling=\"no\"><\/iframe><\/p>\n<p>P\u00fcsin\u00e4itusena dokumentaalfotograafiline ekspositsioon Peipsi vene vanausuliste eluolust. N\u00e4itus on ajas pidevalt t\u00e4ienev, toimides kohaliku konteksti elava peegeldusena. N\u00e4ituse autorid: <strong>Birgit P\u00fcve, Annika Haas, Age Peterson<br \/><\/strong><br \/><strong>Ats Parve foton\u00e4itus Malchiki<\/strong>. <strong>Malchiki<\/strong> Eesti poistest s\u00f5durinahas. Tegu dokumentaalse v\u00e4ljendusega kunstniku teenistusajast s\u00f5jav\u00e4es.<br \/><strong><br \/>Annika Haas \/ Eva\u00a0Sepping\u00a0<\/strong>audiovisuaalne n\u00e4itus<strong> \u201ePeipsi\u00a0paralleelmaailmad\u201d\u00a0<\/strong>\u00a0<\/p>\n<p>\u00a0<\/p>\n\n\n<p><\/p>\n","protected":false},"excerpt":{"rendered":"<p>Sirli Raitma foton\u00e4itus &#8220;Eha&#8221; koost\u00f6\u00f6s Fotomuuseumiga.\u00a0 Fotomuuseumi kureeritud Sirli Raitma n\u00e4itus EHA alustas Eesti tuuri: Peipsi-\u00e4\u00e4rne kunstimaja ambulARToorium P\u00fcsin\u00e4itusena dokumentaalfotograafiline ekspositsioon Peipsi vene vanausuliste eluolust. N\u00e4itus on ajas pidevalt t\u00e4ienev, toimides kohaliku konteksti elava peegeldusena. N\u00e4ituse autorid: Birgit P\u00fcve, Annika Haas, Age PetersonAts Parve foton\u00e4itus Malchiki. Malchiki Eesti poistest s\u00f5durinahas. Tegu dokumentaalse v\u00e4ljendusega kunstniku teenistusajast<\/p>\n<p><a class=\"button\" href=\"https:\/\/www.ambulartoorium.ee\/?page_id=76\" title=\"More\">  Read More \u2192<\/a><\/p>\n","protected":false},"author":1,"featured_media":0,"parent":23,"menu_order":0,"comment_status":"closed","ping_status":"open","template":"","meta":{"footnotes":""},"_links":{"self":[{"href":"https:\/\/www.ambulartoorium.ee\/index.php?rest_route=\/wp\/v2\/pages\/76"}],"collection":[{"href":"https:\/\/www.ambulartoorium.ee\/index.php?rest_route=\/wp\/v2\/pages"}],"about":[{"href":"https:\/\/www.ambulartoorium.ee\/index.php?rest_route=\/wp\/v2\/types\/page"}],"author":[{"embeddable":true,"href":"https:\/\/www.ambulartoorium.ee\/index.php?rest_route=\/wp\/v2\/users\/1"}],"replies":[{"embeddable":true,"href":"https:\/\/www.ambulartoorium.ee\/index.php?rest_route=%2Fwp%2Fv2%2Fcomments&post=76"}],"version-history":[{"count":17,"href":"https:\/\/www.ambulartoorium.ee\/index.php?rest_route=\/wp\/v2\/pages\/76\/revisions"}],"predecessor-version":[{"id":992,"href":"https:\/\/www.ambulartoorium.ee\/index.php?rest_route=\/wp\/v2\/pages\/76\/revisions\/992"}],"up":[{"embeddable":true,"href":"https:\/\/www.ambulartoorium.ee\/index.php?rest_route=\/wp\/v2\/pages\/23"}],"wp:attachment":[{"href":"https:\/\/www.ambulartoorium.ee\/index.php?rest_route=%2Fwp%2Fv2%2Fmedia&parent=76"}],"curies":[{"name":"wp","href":"https:\/\/api.w.org\/{rel}","templated":true}]}}