{"id":872,"date":"2016-02-29T09:59:57","date_gmt":"2016-02-29T07:59:57","guid":{"rendered":"http:\/\/www.ambulartoorium.ee\/?page_id=872"},"modified":"2021-10-14T13:15:43","modified_gmt":"2021-10-14T11:15:43","slug":"toimunud","status":"publish","type":"page","link":"https:\/\/www.ambulartoorium.ee\/?page_id=872","title":{"rendered":"Toimunud"},"content":{"rendered":"<p><strong>Toome maailma l\u00e4hemale<\/strong>, <strong>2015<\/strong> (autorid Tiit Pruuli, Silvia P\u00e4rmann, Marko Matvere, Priit Simson, Ardo Holts, Arne Maasik, T\u00f5nu Noorits, Indrek Rohtmets, Riho V\u00e4strik, Peeter V\u00e4hi, Jaan T\u00e4tte, \u00dclar Tikk, Annika Haas).\u00a0<\/p>\n<p><strong>L\u00f5petamata lood, 2015,\u00a0<\/strong>Karel Kravik<\/p>\n<p><strong>40 pilti, 2015<\/strong>, \u00a0Jaak Kikas<\/p>\n<p><strong>Aasta Pressifoto 2014<\/strong>, Eesti Pressifotograafide Liit<\/p>\n<p><strong>Aasta Pressifoto 2013<\/strong>, Eesti Pressifotograafide Liit<\/p>\n<p><strong>Burberry Propaganda Tour 2013<\/strong>, Merlin Carpenter<\/p>\n<p><strong>Peipsi-\u00e4\u00e4rsed n\u00e4gemused, <\/strong>2013,\u00a0Tuuli Pilvisto<\/p>\n<p><strong>Taevaatlase<\/strong> minin\u00e4itus, 2012. Peeter Laurits<\/p>\n<p><strong>P\u00f5hjala saaga, <\/strong>2011 . Arvo Iho, T\u00f5nu Noorits<\/p>\n<p><strong>Figuurid ruumis. Surmatants, <\/strong>2010. Markus ja Andrus Kasemaa<\/p>\n<p><strong>K\u00e4rt Hammeri <\/strong>isikun\u00e4itus, 2010<\/p>\n<p><strong>Between the lines. <\/strong>2010. Jelena Ivanova<\/p>\n<p><strong>Malchiki. Malchiki. Poisid s\u00f5durinahas,<\/strong> 2009. Ats Parve<\/p>\n<p>Retrospektiiv <strong>Avo Paistiku<\/strong> loomingust, 2009<\/p>\n<p><strong>Keraamiline kalaparv, <\/strong>2009. Kadri J\u00e4\u00e4tma<\/p>\n<p><strong>Kivimustrid, <\/strong>2008. Fred J\u00fcssi<\/p>\n<p><strong>Prichudie. Revisited, <\/strong>2007. Fotokunstnikud Age Peteson, Annika Haas, Birgit P\u00fcve<\/p>\n<p>\u00a0<\/p>\n<p>\u00a0<\/p>\n\n\n<p><\/p>\n","protected":false},"excerpt":{"rendered":"<p>Toome maailma l\u00e4hemale, 2015 (autorid Tiit Pruuli, Silvia P\u00e4rmann, Marko Matvere, Priit Simson, Ardo Holts, Arne Maasik, T\u00f5nu Noorits, Indrek Rohtmets, Riho V\u00e4strik, Peeter V\u00e4hi, Jaan T\u00e4tte, \u00dclar Tikk, Annika Haas).\u00a0 L\u00f5petamata lood, 2015,\u00a0Karel Kravik 40 pilti, 2015, \u00a0Jaak Kikas Aasta Pressifoto 2014, Eesti Pressifotograafide Liit Aasta Pressifoto 2013, Eesti Pressifotograafide Liit Burberry Propaganda Tour<\/p>\n<p><a class=\"button\" href=\"https:\/\/www.ambulartoorium.ee\/?page_id=872\" title=\"More\">  Read More \u2192<\/a><\/p>\n","protected":false},"author":1,"featured_media":778,"parent":23,"menu_order":0,"comment_status":"closed","ping_status":"closed","template":"","meta":{"footnotes":""},"_links":{"self":[{"href":"https:\/\/www.ambulartoorium.ee\/index.php?rest_route=\/wp\/v2\/pages\/872"}],"collection":[{"href":"https:\/\/www.ambulartoorium.ee\/index.php?rest_route=\/wp\/v2\/pages"}],"about":[{"href":"https:\/\/www.ambulartoorium.ee\/index.php?rest_route=\/wp\/v2\/types\/page"}],"author":[{"embeddable":true,"href":"https:\/\/www.ambulartoorium.ee\/index.php?rest_route=\/wp\/v2\/users\/1"}],"replies":[{"embeddable":true,"href":"https:\/\/www.ambulartoorium.ee\/index.php?rest_route=%2Fwp%2Fv2%2Fcomments&post=872"}],"version-history":[{"count":9,"href":"https:\/\/www.ambulartoorium.ee\/index.php?rest_route=\/wp\/v2\/pages\/872\/revisions"}],"predecessor-version":[{"id":989,"href":"https:\/\/www.ambulartoorium.ee\/index.php?rest_route=\/wp\/v2\/pages\/872\/revisions\/989"}],"up":[{"embeddable":true,"href":"https:\/\/www.ambulartoorium.ee\/index.php?rest_route=\/wp\/v2\/pages\/23"}],"wp:featuredmedia":[{"embeddable":true,"href":"https:\/\/www.ambulartoorium.ee\/index.php?rest_route=\/wp\/v2\/media\/778"}],"wp:attachment":[{"href":"https:\/\/www.ambulartoorium.ee\/index.php?rest_route=%2Fwp%2Fv2%2Fmedia&parent=872"}],"curies":[{"name":"wp","href":"https:\/\/api.w.org\/{rel}","templated":true}]}}